{"id":1366,"date":"2018-11-29T16:03:44","date_gmt":"2018-11-29T16:03:44","guid":{"rendered":"http:\/\/fck-basketball.com\/?page_id=1366"},"modified":"2025-07-09T09:42:12","modified_gmt":"2025-07-09T09:42:12","slug":"schul-ag","status":"publish","type":"page","link":"https:\/\/www.fck-basketball.de\/?page_id=1366","title":{"rendered":"Schul AG"},"content":{"rendered":"<div class=\"wp-block-image is-resized\">\n<figure class=\"alignright\"><img loading=\"lazy\" decoding=\"async\" width=\"1024\" height=\"915\" src=\"https:\/\/www.fck-basketball.de\/wp-content\/uploads\/2018\/12\/Herren_221017_046-1024x915.jpg\" alt=\"\" class=\"wp-image-1896\"\/><\/figure>\n<\/div>\n\n\n<p>Wir haben es uns zur Aufgabe gemacht, den Basketballsport in das Kaiserslauterer Schulleben zu integrieren und auszubauen. Je fr\u00fcher Sch\u00fcler\/innen mit dem orangen Ball in Ber\u00fchrung kommen, desto besser ist es f\u00fcr unseren Sport.<\/p>\n\n\n\n<p>In den Schul-AGs lernen die Kinder bereits die grundlegenden Techniken des Basketballspielens und auch die Korbh\u00f6he macht ihnen schon nach den ersten Trainingseinheiten keine Probleme mehr. Die Basketballabteilung des 1. FC Kaiserslautern f\u00fchrt die Basketball-AGs an den Schulen auch durch, um die Sch\u00fcler\/innen nach dem Unterricht f\u00fcr Sport und Bewegung im Allgemeinen und f\u00fcr das Basketballspielen im Speziellen zu begeistern. Auch sportliche Aktivit\u00e4t und Bewegung haben einen gro\u00dfen Anteil an der gesunden Entwicklung unserer Kinder.<\/p>\n\n\n\n<p>Dabei legen die Trainingsinhalte der Schul-AGs nicht nur Wert auf das Spiel mit dem Ball, sondern auch auf die F\u00f6rderung der koordinativen F\u00e4higkeiten der Kinder. Da Basketball ein Teamsport ist, kann gleichzeitig eine Vielzahl sozialer Kompetenzen vermittelt werden, an denen die Sch\u00fcler\/innen wachsen k\u00f6nnen. Teamf\u00e4higkeit, Leidenschaft, Motivation und v.a. der Spa\u00df in der Trainingsgruppe wird ihnen helfen, neue Freunde zu finden, sich pers\u00f6nlich weiter zu entfalten und die Herausforderungen des Alltags mit einem gest\u00e4rkten Selbstbewusstsein zu meistern.<\/p>\n\n\n\n<p>An folgenden Schulen unterhalten wir bereits Basketball-AGs:<\/p>\n\n\n\n<ul class=\"wp-block-list\">\n<li>Fritz-Walter-Schule<\/li>\n\n\n\n<li>Josef-Guggenmos-Grundschule<\/li>\n\n\n\n<li>Luitpoldschule<\/li>\n\n\n\n<li>St. Franziskus-Schule<\/li>\n<\/ul>\n\n\n\n<p>Sehr gerne nehmen wir W\u00fcnsche von Schulen entgegen, weitere Basketball-AGs zu etablieren. Das Land Rheinland-Pfalz f\u00f6rdert diese Ma\u00dfnahme. Interessierte Schulen wenden sich bitte an unseren Stellvertretenden Abteilungsleiter Dr. Volker Zenzen.<\/p>\n\n\n\n<p><a href=\"mailto:volker.zenzen@fck-basketball.de\" target=\"_blank\" rel=\"noreferrer noopener\">volker.zenzen@fck-basketball.de<\/a><\/p>\n","protected":false},"excerpt":{"rendered":"<p>Wir haben es uns zur Aufgabe gemacht, den Basketballsport in das Kaiserslauterer Schulleben zu integrieren und auszubauen. Je fr\u00fcher Sch\u00fcler\/innen mit dem orangen Ball in Ber\u00fchrung kommen, desto besser ist es f\u00fcr unseren Sport. In den Schul-AGs lernen die Kinder bereits die grundlegenden Techniken des Basketballspielens und auch die Korbh\u00f6he macht ihnen schon nach den [&hellip;]<\/p>\n","protected":false},"author":1,"featured_media":0,"parent":543,"menu_order":0,"comment_status":"closed","ping_status":"closed","template":"","meta":{"_uag_custom_page_level_css":"","advgb_blocks_editor_width":"default","advgb_blocks_columns_visual_guide":"","ngg_post_thumbnail":0,"ocean_post_layout":"","ocean_both_sidebars_style":"","ocean_both_sidebars_content_width":0,"ocean_both_sidebars_sidebars_width":0,"ocean_sidebar":"0","ocean_second_sidebar":"0","ocean_disable_margins":"enable","ocean_add_body_class":"","ocean_shortcode_before_top_bar":"","ocean_shortcode_after_top_bar":"","ocean_shortcode_before_header":"","ocean_shortcode_after_header":"","ocean_has_shortcode":"","ocean_shortcode_after_title":"","ocean_shortcode_before_footer_widgets":"","ocean_shortcode_after_footer_widgets":"","ocean_shortcode_before_footer_bottom":"","ocean_shortcode_after_footer_bottom":"","ocean_display_top_bar":"default","ocean_display_header":"default","ocean_header_style":"","ocean_center_header_left_menu":"0","ocean_custom_header_template":"0","ocean_custom_logo":0,"ocean_custom_retina_logo":0,"ocean_custom_logo_max_width":0,"ocean_custom_logo_tablet_max_width":0,"ocean_custom_logo_mobile_max_width":0,"ocean_custom_logo_max_height":0,"ocean_custom_logo_tablet_max_height":0,"ocean_custom_logo_mobile_max_height":0,"ocean_header_custom_menu":"0","ocean_menu_typo_font_family":"0","ocean_menu_typo_font_subset":"","ocean_menu_typo_font_size":0,"ocean_menu_typo_font_size_tablet":0,"ocean_menu_typo_font_size_mobile":0,"ocean_menu_typo_font_size_unit":"px","ocean_menu_typo_font_weight":"","ocean_menu_typo_font_weight_tablet":"","ocean_menu_typo_font_weight_mobile":"","ocean_menu_typo_transform":"","ocean_menu_typo_transform_tablet":"","ocean_menu_typo_transform_mobile":"","ocean_menu_typo_line_height":0,"ocean_menu_typo_line_height_tablet":0,"ocean_menu_typo_line_height_mobile":0,"ocean_menu_typo_line_height_unit":"","ocean_menu_typo_spacing":0,"ocean_menu_typo_spacing_tablet":0,"ocean_menu_typo_spacing_mobile":0,"ocean_menu_typo_spacing_unit":"","ocean_menu_link_color":"","ocean_menu_link_color_hover":"","ocean_menu_link_color_active":"","ocean_menu_link_background":"","ocean_menu_link_hover_background":"","ocean_menu_link_active_background":"","ocean_menu_social_links_bg":"","ocean_menu_social_hover_links_bg":"","ocean_menu_social_links_color":"","ocean_menu_social_hover_links_color":"","ocean_disable_title":"default","ocean_disable_heading":"default","ocean_post_title":"","ocean_post_subheading":"","ocean_post_title_style":"","ocean_post_title_background_color":"","ocean_post_title_background":0,"ocean_post_title_bg_image_position":"","ocean_post_title_bg_image_attachment":"","ocean_post_title_bg_image_repeat":"","ocean_post_title_bg_image_size":"","ocean_post_title_height":0,"ocean_post_title_bg_overlay":0.5,"ocean_post_title_bg_overlay_color":"","ocean_disable_breadcrumbs":"off","ocean_breadcrumbs_color":"","ocean_breadcrumbs_separator_color":"","ocean_breadcrumbs_links_color":"","ocean_breadcrumbs_links_hover_color":"","ocean_display_footer_widgets":"default","ocean_display_footer_bottom":"default","ocean_custom_footer_template":"0","footnotes":""},"class_list":["post-1366","page","type-page","status-publish","hentry","entry"],"uagb_featured_image_src":{"full":false,"thumbnail":false,"medium":false,"medium_large":false,"large":false,"1536x1536":false,"2048x2048":false,"ocean-thumb-m":false,"ocean-thumb-ml":false,"ocean-thumb-l":false},"uagb_author_info":{"display_name":"M. Schmitt","author_link":"https:\/\/www.fck-basketball.de\/?author=1"},"uagb_comment_info":0,"uagb_excerpt":"Wir haben es uns zur Aufgabe gemacht, den Basketballsport in das Kaiserslauterer Schulleben zu integrieren und auszubauen. Je fr\u00fcher Sch\u00fcler\/innen mit dem orangen Ball in Ber\u00fchrung kommen, desto besser ist es f\u00fcr unseren Sport. In den Schul-AGs lernen die Kinder bereits die grundlegenden Techniken des Basketballspielens und auch die Korbh\u00f6he macht ihnen schon nach den&hellip;","coauthors":[],"author_meta":{"author_link":"https:\/\/www.fck-basketball.de\/?author=1","display_name":"M. Schmitt"},"relative_dates":{"created":"Posted 7\u00a0Jahren ago","modified":"Updated 9\u00a0Monaten ago"},"absolute_dates":{"created":"Posted on 29. November 2018","modified":"Updated on 9. Juli 2025"},"absolute_dates_time":{"created":"Posted on 29. November 2018 16:03","modified":"Updated on 9. Juli 2025 09:42"},"featured_img_caption":"","featured_img":false,"series_order":"","_links":{"self":[{"href":"https:\/\/www.fck-basketball.de\/index.php?rest_route=\/wp\/v2\/pages\/1366","targetHints":{"allow":["GET"]}}],"collection":[{"href":"https:\/\/www.fck-basketball.de\/index.php?rest_route=\/wp\/v2\/pages"}],"about":[{"href":"https:\/\/www.fck-basketball.de\/index.php?rest_route=\/wp\/v2\/types\/page"}],"author":[{"embeddable":true,"href":"https:\/\/www.fck-basketball.de\/index.php?rest_route=\/wp\/v2\/users\/1"}],"replies":[{"embeddable":true,"href":"https:\/\/www.fck-basketball.de\/index.php?rest_route=%2Fwp%2Fv2%2Fcomments&post=1366"}],"version-history":[{"count":12,"href":"https:\/\/www.fck-basketball.de\/index.php?rest_route=\/wp\/v2\/pages\/1366\/revisions"}],"predecessor-version":[{"id":6295,"href":"https:\/\/www.fck-basketball.de\/index.php?rest_route=\/wp\/v2\/pages\/1366\/revisions\/6295"}],"up":[{"embeddable":true,"href":"https:\/\/www.fck-basketball.de\/index.php?rest_route=\/wp\/v2\/pages\/543"}],"wp:attachment":[{"href":"https:\/\/www.fck-basketball.de\/index.php?rest_route=%2Fwp%2Fv2%2Fmedia&parent=1366"}],"curies":[{"name":"wp","href":"https:\/\/api.w.org\/{rel}","templated":true}]}}