{"id":1368,"date":"2018-11-29T16:04:10","date_gmt":"2018-11-29T16:04:10","guid":{"rendered":"http:\/\/fck-basketball.com\/?page_id=1368"},"modified":"2025-02-07T10:21:17","modified_gmt":"2025-02-07T10:21:17","slug":"foerdertraining","status":"publish","type":"page","link":"https:\/\/www.fck-basketball.de\/?page_id=1368","title":{"rendered":"F\u00f6rdertraining"},"content":{"rendered":"<div class=\"wp-block-image\">\n<figure class=\"alignleft is-resized\"><img loading=\"lazy\" decoding=\"async\" width=\"1024\" height=\"1024\" src=\"http:\/\/fck-basketball.com\/wp-content\/uploads\/2018\/12\/balls-basketball-3505304_1920-1024x1024.png\" alt=\"\" class=\"wp-image-1872\" style=\"width:215px;height:215px\" srcset=\"https:\/\/www.fck-basketball.de\/wp-content\/uploads\/2018\/12\/balls-basketball-3505304_1920-1024x1024.png 1024w, https:\/\/www.fck-basketball.de\/wp-content\/uploads\/2018\/12\/balls-basketball-3505304_1920-150x150.png 150w, https:\/\/www.fck-basketball.de\/wp-content\/uploads\/2018\/12\/balls-basketball-3505304_1920-300x300.png 300w, https:\/\/www.fck-basketball.de\/wp-content\/uploads\/2018\/12\/balls-basketball-3505304_1920-768x768.png 768w, https:\/\/www.fck-basketball.de\/wp-content\/uploads\/2018\/12\/balls-basketball-3505304_1920.png 1920w\" sizes=\"auto, (max-width: 1024px) 100vw, 1024px\" \/><figcaption class=\"wp-element-caption\"><br><br><\/figcaption><\/figure>\n<\/div>\n\n\n<p>Sinn und Zweck des F\u00f6rdertrainings ist es Spielerinnen und Spieler, die anstreben Leistungs &#8211; Basketball zu spielen (Jugendbundesligen, Auswahlmannschaften etc.), parallel zum Mannschaftstraining individuell zu fordern und zu f\u00f6rdern.<br><\/p>\n\n\n\n<p>In Kleingruppentraining (4 \u2013 6 Teilnehmer) werden individuell die Schw\u00e4chen der Spieler analysiert und verbessert sowie die St\u00e4rken ausgebaut.<\/p>\n\n\n\n<p>Das F\u00f6rdertraining des 1. FCK Basketball bieten wir f\u00fcr einen F\u00f6rderbeitrag in H\u00f6he von \u20ac 25.- pro Monat an. Jeder hat die M\u00f6glichkeit beliebig viele Trainings zu besuchen. Die Gruppeneinteilung&nbsp;nehmen wir unter Ber\u00fccksichtigung von Termin W\u00fcnschen vor.<br><\/p>\n\n\n\n<p>Weitere Informationen \u00fcber Trainingszeiten, Inhalte, Kosten, etc. erfahren sie \u00fcber unseren Ansprechpartner, Thomas Erb, <a href=\"mailto:thomas.erb@fck-basketball.de\">thomas.erb@fck-basketball.de<\/a><\/p>\n\n\n\n<p class=\"has-medium-font-size\"><strong>Unsere Philosophie<\/strong><\/p>\n\n\n\n<p><strong>Wir m\u00f6chten den Kindern und Jugendlichen die Gelegenheit geben, in Ruhe und ohne Druck herauszufinden, wo ihre basketballerischen Interessen und F\u00e4higkeiten liegen, um individuelle Fertigkeiten mit Geduld herauszubilden und vor allem eine Menge Spa\u00df zu haben.<\/strong><\/p>\n","protected":false},"excerpt":{"rendered":"<p>Sinn und Zweck des F\u00f6rdertrainings ist es Spielerinnen und Spieler, die anstreben Leistungs &#8211; Basketball zu spielen (Jugendbundesligen, Auswahlmannschaften etc.), parallel zum Mannschaftstraining individuell zu fordern und zu f\u00f6rdern. In Kleingruppentraining (4 \u2013 6 Teilnehmer) werden individuell die Schw\u00e4chen der Spieler analysiert und verbessert sowie die St\u00e4rken ausgebaut. Das F\u00f6rdertraining des 1. FCK Basketball bieten [&hellip;]<\/p>\n","protected":false},"author":1,"featured_media":0,"parent":543,"menu_order":0,"comment_status":"closed","ping_status":"closed","template":"","meta":{"_uag_custom_page_level_css":"","advgb_blocks_editor_width":"default","advgb_blocks_columns_visual_guide":"","ngg_post_thumbnail":0,"ocean_post_layout":"","ocean_both_sidebars_style":"","ocean_both_sidebars_content_width":0,"ocean_both_sidebars_sidebars_width":0,"ocean_sidebar":"0","ocean_second_sidebar":"0","ocean_disable_margins":"enable","ocean_add_body_class":"","ocean_shortcode_before_top_bar":"","ocean_shortcode_after_top_bar":"","ocean_shortcode_before_header":"","ocean_shortcode_after_header":"","ocean_has_shortcode":"","ocean_shortcode_after_title":"","ocean_shortcode_before_footer_widgets":"","ocean_shortcode_after_footer_widgets":"","ocean_shortcode_before_footer_bottom":"","ocean_shortcode_after_footer_bottom":"","ocean_display_top_bar":"default","ocean_display_header":"default","ocean_header_style":"","ocean_center_header_left_menu":"0","ocean_custom_header_template":"0","ocean_custom_logo":0,"ocean_custom_retina_logo":0,"ocean_custom_logo_max_width":0,"ocean_custom_logo_tablet_max_width":0,"ocean_custom_logo_mobile_max_width":0,"ocean_custom_logo_max_height":0,"ocean_custom_logo_tablet_max_height":0,"ocean_custom_logo_mobile_max_height":0,"ocean_header_custom_menu":"0","ocean_menu_typo_font_family":"0","ocean_menu_typo_font_subset":"","ocean_menu_typo_font_size":0,"ocean_menu_typo_font_size_tablet":0,"ocean_menu_typo_font_size_mobile":0,"ocean_menu_typo_font_size_unit":"px","ocean_menu_typo_font_weight":"","ocean_menu_typo_font_weight_tablet":"","ocean_menu_typo_font_weight_mobile":"","ocean_menu_typo_transform":"","ocean_menu_typo_transform_tablet":"","ocean_menu_typo_transform_mobile":"","ocean_menu_typo_line_height":0,"ocean_menu_typo_line_height_tablet":0,"ocean_menu_typo_line_height_mobile":0,"ocean_menu_typo_line_height_unit":"","ocean_menu_typo_spacing":0,"ocean_menu_typo_spacing_tablet":0,"ocean_menu_typo_spacing_mobile":0,"ocean_menu_typo_spacing_unit":"","ocean_menu_link_color":"","ocean_menu_link_color_hover":"","ocean_menu_link_color_active":"","ocean_menu_link_background":"","ocean_menu_link_hover_background":"","ocean_menu_link_active_background":"","ocean_menu_social_links_bg":"","ocean_menu_social_hover_links_bg":"","ocean_menu_social_links_color":"","ocean_menu_social_hover_links_color":"","ocean_disable_title":"default","ocean_disable_heading":"default","ocean_post_title":"","ocean_post_subheading":"","ocean_post_title_style":"","ocean_post_title_background_color":"","ocean_post_title_background":0,"ocean_post_title_bg_image_position":"","ocean_post_title_bg_image_attachment":"","ocean_post_title_bg_image_repeat":"","ocean_post_title_bg_image_size":"","ocean_post_title_height":0,"ocean_post_title_bg_overlay":0.5,"ocean_post_title_bg_overlay_color":"","ocean_disable_breadcrumbs":"off","ocean_breadcrumbs_color":"","ocean_breadcrumbs_separator_color":"","ocean_breadcrumbs_links_color":"","ocean_breadcrumbs_links_hover_color":"","ocean_display_footer_widgets":"default","ocean_display_footer_bottom":"default","ocean_custom_footer_template":"0","footnotes":""},"class_list":["post-1368","page","type-page","status-publish","hentry","entry"],"uagb_featured_image_src":{"full":false,"thumbnail":false,"medium":false,"medium_large":false,"large":false,"1536x1536":false,"2048x2048":false,"ocean-thumb-m":false,"ocean-thumb-ml":false,"ocean-thumb-l":false},"uagb_author_info":{"display_name":"M. Schmitt","author_link":"https:\/\/www.fck-basketball.de\/?author=1"},"uagb_comment_info":0,"uagb_excerpt":"Sinn und Zweck des F\u00f6rdertrainings ist es Spielerinnen und Spieler, die anstreben Leistungs &#8211; Basketball zu spielen (Jugendbundesligen, Auswahlmannschaften etc.), parallel zum Mannschaftstraining individuell zu fordern und zu f\u00f6rdern. In Kleingruppentraining (4 \u2013 6 Teilnehmer) werden individuell die Schw\u00e4chen der Spieler analysiert und verbessert sowie die St\u00e4rken ausgebaut. Das F\u00f6rdertraining des 1. FCK Basketball bieten&hellip;","coauthors":[],"author_meta":{"author_link":"https:\/\/www.fck-basketball.de\/?author=1","display_name":"M. Schmitt"},"relative_dates":{"created":"Posted 7\u00a0Jahren ago","modified":"Updated 1\u00a0Jahr ago"},"absolute_dates":{"created":"Posted on 29. November 2018","modified":"Updated on 7. Februar 2025"},"absolute_dates_time":{"created":"Posted on 29. November 2018 16:04","modified":"Updated on 7. Februar 2025 10:21"},"featured_img_caption":"","featured_img":false,"series_order":"","_links":{"self":[{"href":"https:\/\/www.fck-basketball.de\/index.php?rest_route=\/wp\/v2\/pages\/1368","targetHints":{"allow":["GET"]}}],"collection":[{"href":"https:\/\/www.fck-basketball.de\/index.php?rest_route=\/wp\/v2\/pages"}],"about":[{"href":"https:\/\/www.fck-basketball.de\/index.php?rest_route=\/wp\/v2\/types\/page"}],"author":[{"embeddable":true,"href":"https:\/\/www.fck-basketball.de\/index.php?rest_route=\/wp\/v2\/users\/1"}],"replies":[{"embeddable":true,"href":"https:\/\/www.fck-basketball.de\/index.php?rest_route=%2Fwp%2Fv2%2Fcomments&post=1368"}],"version-history":[{"count":14,"href":"https:\/\/www.fck-basketball.de\/index.php?rest_route=\/wp\/v2\/pages\/1368\/revisions"}],"predecessor-version":[{"id":6136,"href":"https:\/\/www.fck-basketball.de\/index.php?rest_route=\/wp\/v2\/pages\/1368\/revisions\/6136"}],"up":[{"embeddable":true,"href":"https:\/\/www.fck-basketball.de\/index.php?rest_route=\/wp\/v2\/pages\/543"}],"wp:attachment":[{"href":"https:\/\/www.fck-basketball.de\/index.php?rest_route=%2Fwp%2Fv2%2Fmedia&parent=1368"}],"curies":[{"name":"wp","href":"https:\/\/api.w.org\/{rel}","templated":true}]}}