{"id":1534,"date":"2018-12-01T17:00:05","date_gmt":"2018-12-01T17:00:05","guid":{"rendered":"http:\/\/fck-basketball.com\/?page_id=1534"},"modified":"2025-12-12T13:59:28","modified_gmt":"2025-12-12T13:59:28","slug":"kooperation","status":"publish","type":"page","link":"https:\/\/www.fck-basketball.de\/?page_id=1534","title":{"rendered":"Kooperation"},"content":{"rendered":"\n<p class=\"has-medium-font-size\">Die Abteilung bedankt sich herzlich bei ihren Unterst\u00fctzern.<\/p>\n\n\n\n<div class=\"wp-block-columns has-2-columns is-layout-flex wp-container-core-columns-is-layout-9d6595d7 wp-block-columns-is-layout-flex\">\n<div class=\"wp-block-column is-layout-flow wp-block-column-is-layout-flow\">\n<ul class=\"wp-block-list\">\n<li><strong><a rel=\"noreferrer noopener\" href=\"http:\/\/www.jakob-becker.de\/\" target=\"_blank\">Jakob Becker GmbH<\/a><\/strong><\/li>\n\n\n\n<li><strong><a rel=\"noreferrer noopener\" href=\"http:\/\/www.swk-kl.de\/\" target=\"_blank\">SWK Kaiserslautern<\/a><\/strong><\/li>\n\n\n\n<li><strong><a rel=\"noreferrer noopener\" href=\"http:\/\/www.lotto-rlp.de\/\" target=\"_blank\">Lotto Reinland Pfalz<\/a><\/strong><\/li>\n\n\n\n<li><a rel=\"noreferrer noopener\" href=\"http:\/\/www.kskkl.de\/de\/home.html\" target=\"_blank\"><strong>Sparkasse Kaiserslautern<\/strong><\/a><\/li>\n\n\n\n<li><strong><a href=\"http:\/\/www.empera.de\" target=\"_blank\" rel=\"noreferrer noopener\">empera<\/a><\/strong><\/li>\n\n\n\n<li><strong><a href=\"https:\/\/www.globus.de\/kaiserslautern\/index.php\" target=\"_blank\" rel=\"noreferrer noopener\">Globus Kaiserslautern<\/a><\/strong><\/li>\n<\/ul>\n<\/div>\n\n\n\n<div class=\"wp-block-column is-layout-flow wp-block-column-is-layout-flow\">\n<ul class=\"wp-block-list\">\n<li><strong><a rel=\"noreferrer noopener\" href=\"http:\/\/www.dominos.de\/\" target=\"_blank\">Domino&#8217;s Pizza<\/a><\/strong><\/li>\n\n\n\n<li><a rel=\"noreferrer noopener\" href=\"http:\/\/schoenhofen-ing.de\" target=\"_blank\"><strong>Sch\u00f6nhofer Ingenieure<\/strong><\/a><\/li>\n\n\n\n<li><a rel=\"noreferrer noopener\" href=\"http:\/\/www.raab-schneider.de\" target=\"_blank\"><strong>RA Raab-Schneider-Emrich-Ventulett<\/strong><\/a><\/li>\n\n\n\n<li><a href=\"http:\/\/www.karlsberg.de\" target=\"_blank\" rel=\"noreferrer noopener\"><strong>Karlsberg Brauerei<\/strong><\/a><\/li>\n\n\n\n<li><a href=\"http:\/\/www.butzke-physio.de\" target=\"_blank\" rel=\"noreferrer noopener\"><strong>Dirk Butzke Physiopraxis<\/strong><\/a><\/li>\n\n\n\n<li><strong><a href=\"https:\/\/www.kerkerdruck.de\/start\/\" data-type=\"link\" data-id=\"https:\/\/www.kerkerdruck.de\/start\/\" target=\"_blank\" rel=\"noreferrer noopener\">Kerker Druck<\/a><\/strong><\/li>\n<\/ul>\n<\/div>\n<\/div>\n\n\n\n<p>Haben auch Sie Interesse die Jugendarbeit der Basketballabteilung des 1. FC Kaiserslautern zu unterst\u00fctzen? Kontaktieren Sie uns einfach \u00fcber unser Kontaktformular oder direkt per Mail an <a href=\"mailto:sponsoring@fck-basketball.com \">sponsoring@fck-basketball.com<\/a><\/p>\n\n\n\n<p><\/p>\n","protected":false},"excerpt":{"rendered":"<p>Die Abteilung bedankt sich herzlich bei ihren Unterst\u00fctzern. Haben auch Sie Interesse die Jugendarbeit der Basketballabteilung des 1. FC Kaiserslautern zu unterst\u00fctzen? Kontaktieren Sie uns einfach \u00fcber unser Kontaktformular oder direkt per Mail an sponsoring@fck-basketball.com<\/p>\n","protected":false},"author":1,"featured_media":0,"parent":543,"menu_order":0,"comment_status":"closed","ping_status":"closed","template":"","meta":{"_uag_custom_page_level_css":"","advgb_blocks_editor_width":"default","advgb_blocks_columns_visual_guide":"","ngg_post_thumbnail":0,"ocean_post_layout":"","ocean_both_sidebars_style":"","ocean_both_sidebars_content_width":0,"ocean_both_sidebars_sidebars_width":0,"ocean_sidebar":"0","ocean_second_sidebar":"0","ocean_disable_margins":"enable","ocean_add_body_class":"","ocean_shortcode_before_top_bar":"","ocean_shortcode_after_top_bar":"","ocean_shortcode_before_header":"","ocean_shortcode_after_header":"","ocean_has_shortcode":"","ocean_shortcode_after_title":"","ocean_shortcode_before_footer_widgets":"","ocean_shortcode_after_footer_widgets":"","ocean_shortcode_before_footer_bottom":"","ocean_shortcode_after_footer_bottom":"","ocean_display_top_bar":"default","ocean_display_header":"default","ocean_header_style":"","ocean_center_header_left_menu":"0","ocean_custom_header_template":"0","ocean_custom_logo":0,"ocean_custom_retina_logo":0,"ocean_custom_logo_max_width":0,"ocean_custom_logo_tablet_max_width":0,"ocean_custom_logo_mobile_max_width":0,"ocean_custom_logo_max_height":0,"ocean_custom_logo_tablet_max_height":0,"ocean_custom_logo_mobile_max_height":0,"ocean_header_custom_menu":"0","ocean_menu_typo_font_family":"0","ocean_menu_typo_font_subset":"","ocean_menu_typo_font_size":0,"ocean_menu_typo_font_size_tablet":0,"ocean_menu_typo_font_size_mobile":0,"ocean_menu_typo_font_size_unit":"px","ocean_menu_typo_font_weight":"","ocean_menu_typo_font_weight_tablet":"","ocean_menu_typo_font_weight_mobile":"","ocean_menu_typo_transform":"","ocean_menu_typo_transform_tablet":"","ocean_menu_typo_transform_mobile":"","ocean_menu_typo_line_height":0,"ocean_menu_typo_line_height_tablet":0,"ocean_menu_typo_line_height_mobile":0,"ocean_menu_typo_line_height_unit":"","ocean_menu_typo_spacing":0,"ocean_menu_typo_spacing_tablet":0,"ocean_menu_typo_spacing_mobile":0,"ocean_menu_typo_spacing_unit":"","ocean_menu_link_color":"","ocean_menu_link_color_hover":"","ocean_menu_link_color_active":"","ocean_menu_link_background":"","ocean_menu_link_hover_background":"","ocean_menu_link_active_background":"","ocean_menu_social_links_bg":"","ocean_menu_social_hover_links_bg":"","ocean_menu_social_links_color":"","ocean_menu_social_hover_links_color":"","ocean_disable_title":"default","ocean_disable_heading":"default","ocean_post_title":"","ocean_post_subheading":"","ocean_post_title_style":"","ocean_post_title_background_color":"","ocean_post_title_background":0,"ocean_post_title_bg_image_position":"","ocean_post_title_bg_image_attachment":"","ocean_post_title_bg_image_repeat":"","ocean_post_title_bg_image_size":"","ocean_post_title_height":0,"ocean_post_title_bg_overlay":0.5,"ocean_post_title_bg_overlay_color":"","ocean_disable_breadcrumbs":"off","ocean_breadcrumbs_color":"","ocean_breadcrumbs_separator_color":"","ocean_breadcrumbs_links_color":"","ocean_breadcrumbs_links_hover_color":"","ocean_display_footer_widgets":"default","ocean_display_footer_bottom":"default","ocean_custom_footer_template":"0","footnotes":""},"class_list":["post-1534","page","type-page","status-publish","hentry","entry"],"uagb_featured_image_src":{"full":false,"thumbnail":false,"medium":false,"medium_large":false,"large":false,"1536x1536":false,"2048x2048":false,"ocean-thumb-m":false,"ocean-thumb-ml":false,"ocean-thumb-l":false},"uagb_author_info":{"display_name":"M. Schmitt","author_link":"https:\/\/www.fck-basketball.de\/?author=1"},"uagb_comment_info":0,"uagb_excerpt":"Die Abteilung bedankt sich herzlich bei ihren Unterst\u00fctzern. Haben auch Sie Interesse die Jugendarbeit der Basketballabteilung des 1. FC Kaiserslautern zu unterst\u00fctzen? Kontaktieren Sie uns einfach \u00fcber unser Kontaktformular oder direkt per Mail an sponsoring@fck-basketball.com","coauthors":[],"author_meta":{"author_link":"https:\/\/www.fck-basketball.de\/?author=1","display_name":"M. Schmitt"},"relative_dates":{"created":"Posted 7\u00a0Jahren ago","modified":"Updated 4\u00a0Monaten ago"},"absolute_dates":{"created":"Posted on 1. Dezember 2018","modified":"Updated on 12. Dezember 2025"},"absolute_dates_time":{"created":"Posted on 1. Dezember 2018 17:00","modified":"Updated on 12. Dezember 2025 13:59"},"featured_img_caption":"","featured_img":false,"series_order":"","_links":{"self":[{"href":"https:\/\/www.fck-basketball.de\/index.php?rest_route=\/wp\/v2\/pages\/1534","targetHints":{"allow":["GET"]}}],"collection":[{"href":"https:\/\/www.fck-basketball.de\/index.php?rest_route=\/wp\/v2\/pages"}],"about":[{"href":"https:\/\/www.fck-basketball.de\/index.php?rest_route=\/wp\/v2\/types\/page"}],"author":[{"embeddable":true,"href":"https:\/\/www.fck-basketball.de\/index.php?rest_route=\/wp\/v2\/users\/1"}],"replies":[{"embeddable":true,"href":"https:\/\/www.fck-basketball.de\/index.php?rest_route=%2Fwp%2Fv2%2Fcomments&post=1534"}],"version-history":[{"count":66,"href":"https:\/\/www.fck-basketball.de\/index.php?rest_route=\/wp\/v2\/pages\/1534\/revisions"}],"predecessor-version":[{"id":6364,"href":"https:\/\/www.fck-basketball.de\/index.php?rest_route=\/wp\/v2\/pages\/1534\/revisions\/6364"}],"up":[{"embeddable":true,"href":"https:\/\/www.fck-basketball.de\/index.php?rest_route=\/wp\/v2\/pages\/543"}],"wp:attachment":[{"href":"https:\/\/www.fck-basketball.de\/index.php?rest_route=%2Fwp%2Fv2%2Fmedia&parent=1534"}],"curies":[{"name":"wp","href":"https:\/\/api.w.org\/{rel}","templated":true}]}}