{"id":272,"date":"2018-11-12T11:45:41","date_gmt":"2018-11-12T11:45:41","guid":{"rendered":"http:\/\/entwurfwp.fck-basketball.com\/?page_id=272"},"modified":"2023-09-19T14:27:37","modified_gmt":"2023-09-19T14:27:37","slug":"foerderverein","status":"publish","type":"page","link":"https:\/\/www.fck-basketball.de\/?page_id=272","title":{"rendered":"F\u00f6rderverein"},"content":{"rendered":"<div class=\"wp-block-image\">\n<figure class=\"alignleft is-resized advgb-dyn-eddf1696\"><img loading=\"lazy\" decoding=\"async\" src=\"http:\/\/fck-basketball.com\/wp-content\/uploads\/2018\/11\/Logo_F\u00f6rder.gif\" alt=\"\" class=\"wp-image-935\" style=\"width:118px;height:118px\" width=\"118\" height=\"118\"\/><\/figure>\n<\/div>\n\n\n<h2 class=\"wp-block-heading advgb-dyn-a20d1757\">F\u00f6rderverein 1. FCK-Basketball e.V.<\/h2>\n\n\n\n<p>Im Jahr 1950 begann Hans Koch, Oberstudiendirektor und Sportlehrer an der Oberrealschule in Kaiserslautern, dem heutigen \u201eHohenstaufen-Gymnasium\u201c, den Basketballsport zu entwickeln. Voller Enthusiasmus begannen die ersten Trainings und Spiele, die sofort erfolgreich waren. Die Begeisterung war so gro\u00df, dass Hans Koch mit dem damaligen Pr\u00e4sidenten M\u00fcller des 1. FCK, im Jahre 1952 die Abteilung Basketball gr\u00fcndeten.&nbsp;Und schon kam in den Jahren 1956 sowie 1957 das absolute Highlight, dass auch die Fachwelt faszinierte, die Basketballer des 1. FCK wurden hintereinander Deutscher Meister.<\/p>\n\n\n\n<p>In den Jahren danach spielten erfolgreich verschiedene Jugend- und Seniorenteams in den Verbandsligen in Rheinland &#8211; Pfalz, Saarland, Hessen, Baden &#8211; W\u00fcrttemberg und von 2006 bis 2007 wurde die 1. Herrenmannschaft in der 2. Bundesliga ein Spitzenteam, verpasste ganz knapp den Aufstieg in die 1. Bundesliga.&nbsp;<\/p>\n\n\n\n<p>Unter dem Eindruck dieses erfolgreichen Umfeldes gr\u00fcndeten ehemalige Spieler und Freunde im Jahre 1996 den \u201eF\u00f6rderverein 1. FCK &#8211; Basketball\u201c,&nbsp;mit der gemeinsamen Zielsetzung:<\/p>\n\n\n\n<p class=\"has-text-align-center\" style=\"font-size:18px\"><strong>&#8222;Gezielte, leistungsorientierte Jugendf\u00f6rderung und Orientierung zum Spitzensport&#8220;<\/strong><\/p>\n\n\n\n<p class=\"has-text-align-left\">um die FCK-Basketballer bei diesem Vorhaben finanziell zu unterst\u00fctzen.&nbsp;<\/p>\n\n\n\n<p>\u00dcber 80 % aller unserer Aktiven sind unter 21 Jahre. Die Basketballer bilden mit knapp 320 Mitgliedern die gr\u00f6\u00dfte Amateurabteilung im 1. FCK e. V. Der 1.FCK geh\u00f6rt mit seiner Basketballabteilung zu den traditionsreichsten und gr\u00f6\u00dften Basketball &#8211; Clubs in Deutschland.&nbsp;<\/p>\n\n\n\n<p>Wir m\u00f6chten Sie motivieren, dass Sie bei uns Mitglied werden und unsere Aktivit\u00e4ten unterst\u00fctzen. Mit Ihrem Beitrag und\/oder Ihrer Spende (steuerlich anerkannt mit Spendenbeleg), helfen Sie mit, dass wir k\u00fcnftig aus unseren eigenen Reihen wieder Spitzenspieler hervorbringen.&nbsp;<\/p>\n\n\n\n<p>Das begeistert unsere Jugend, motiviert sie und spornt sie an. Wir schicken unsere Jugend auf Lehrg\u00e4nge zum Erwerb der Trainer-, bzw. Schiedsrichterlizenz, auf Seminare und Turniere, damit sie alles \u00fcber Basketball erfahren und lernen k\u00f6nnen. Eine ganz wichtige Maxime ist f\u00fcr uns, dass wir innerhalb der sportlichen Aktivit\u00e4ten, besonderen Wert auf die Pers\u00f6nlichkeitsentwicklung legen.\u00a0<\/p>\n\n\n\n<p>Hier auf unserer Homepage finden Sie alle Informationen zum 1. FCK Basketball. Das Beitrittsformular wird derzeit \u00fcberarbeitet und sp\u00e4ter hinzu gef\u00fcgt. Bei Interesse nutzen Sie bitte das Kontaktformular zur Kontaktaufnahme.<br>Wir freuen uns auf Ihre Mitgliedschaft!<\/p>\n\n\n\n<p>In diesem Sinne<br><br><em><strong>Johannes M\u00fcnch<\/strong><\/em><br>1. Vorsitzender<br><a href=\"mailto:Johannes.muench@fck-basketball.de\">Johannes.muench@fck-basketball.de<\/a><\/p>\n\n\n\n<p>&nbsp;<\/p>\n","protected":false},"excerpt":{"rendered":"<p>F\u00f6rderverein 1. FCK-Basketball e.V. Im Jahr 1950 begann Hans Koch, Oberstudiendirektor und Sportlehrer an der Oberrealschule in Kaiserslautern, dem heutigen \u201eHohenstaufen-Gymnasium\u201c, den Basketballsport zu entwickeln. Voller Enthusiasmus begannen die ersten Trainings und Spiele, die sofort erfolgreich waren. Die Begeisterung war so gro\u00df, dass Hans Koch mit dem damaligen Pr\u00e4sidenten M\u00fcller des 1. FCK, im Jahre [&hellip;]<\/p>\n","protected":false},"author":1,"featured_media":0,"parent":0,"menu_order":0,"comment_status":"closed","ping_status":"closed","template":"","meta":{"_uag_custom_page_level_css":"","advgb_blocks_editor_width":"default","advgb_blocks_columns_visual_guide":"","ngg_post_thumbnail":0,"ocean_post_layout":"","ocean_both_sidebars_style":"","ocean_both_sidebars_content_width":0,"ocean_both_sidebars_sidebars_width":0,"ocean_sidebar":"0","ocean_second_sidebar":"0","ocean_disable_margins":"enable","ocean_add_body_class":"","ocean_shortcode_before_top_bar":"","ocean_shortcode_after_top_bar":"","ocean_shortcode_before_header":"","ocean_shortcode_after_header":"","ocean_has_shortcode":"","ocean_shortcode_after_title":"","ocean_shortcode_before_footer_widgets":"","ocean_shortcode_after_footer_widgets":"","ocean_shortcode_before_footer_bottom":"","ocean_shortcode_after_footer_bottom":"","ocean_display_top_bar":"default","ocean_display_header":"default","ocean_header_style":"","ocean_center_header_left_menu":"0","ocean_custom_header_template":"0","ocean_custom_logo":0,"ocean_custom_retina_logo":0,"ocean_custom_logo_max_width":0,"ocean_custom_logo_tablet_max_width":0,"ocean_custom_logo_mobile_max_width":0,"ocean_custom_logo_max_height":0,"ocean_custom_logo_tablet_max_height":0,"ocean_custom_logo_mobile_max_height":0,"ocean_header_custom_menu":"0","ocean_menu_typo_font_family":"0","ocean_menu_typo_font_subset":"","ocean_menu_typo_font_size":0,"ocean_menu_typo_font_size_tablet":0,"ocean_menu_typo_font_size_mobile":0,"ocean_menu_typo_font_size_unit":"px","ocean_menu_typo_font_weight":"","ocean_menu_typo_font_weight_tablet":"","ocean_menu_typo_font_weight_mobile":"","ocean_menu_typo_transform":"","ocean_menu_typo_transform_tablet":"","ocean_menu_typo_transform_mobile":"","ocean_menu_typo_line_height":0,"ocean_menu_typo_line_height_tablet":0,"ocean_menu_typo_line_height_mobile":0,"ocean_menu_typo_line_height_unit":"","ocean_menu_typo_spacing":0,"ocean_menu_typo_spacing_tablet":0,"ocean_menu_typo_spacing_mobile":0,"ocean_menu_typo_spacing_unit":"","ocean_menu_link_color":"","ocean_menu_link_color_hover":"","ocean_menu_link_color_active":"","ocean_menu_link_background":"","ocean_menu_link_hover_background":"","ocean_menu_link_active_background":"","ocean_menu_social_links_bg":"","ocean_menu_social_hover_links_bg":"","ocean_menu_social_links_color":"","ocean_menu_social_hover_links_color":"","ocean_disable_title":"enable","ocean_disable_heading":"default","ocean_post_title":"","ocean_post_subheading":"","ocean_post_title_style":"","ocean_post_title_background_color":"","ocean_post_title_background":0,"ocean_post_title_bg_image_position":"","ocean_post_title_bg_image_attachment":"","ocean_post_title_bg_image_repeat":"","ocean_post_title_bg_image_size":"","ocean_post_title_height":0,"ocean_post_title_bg_overlay":0.5,"ocean_post_title_bg_overlay_color":"","ocean_disable_breadcrumbs":"default","ocean_breadcrumbs_color":"","ocean_breadcrumbs_separator_color":"","ocean_breadcrumbs_links_color":"","ocean_breadcrumbs_links_hover_color":"","ocean_display_footer_widgets":"default","ocean_display_footer_bottom":"default","ocean_custom_footer_template":"0","footnotes":""},"class_list":["post-272","page","type-page","status-publish","hentry","entry"],"uagb_featured_image_src":{"full":false,"thumbnail":false,"medium":false,"medium_large":false,"large":false,"1536x1536":false,"2048x2048":false,"ocean-thumb-m":false,"ocean-thumb-ml":false,"ocean-thumb-l":false},"uagb_author_info":{"display_name":"M. Schmitt","author_link":"https:\/\/www.fck-basketball.de\/?author=1"},"uagb_comment_info":0,"uagb_excerpt":"F\u00f6rderverein 1. FCK-Basketball e.V. Im Jahr 1950 begann Hans Koch, Oberstudiendirektor und Sportlehrer an der Oberrealschule in Kaiserslautern, dem heutigen \u201eHohenstaufen-Gymnasium\u201c, den Basketballsport zu entwickeln. Voller Enthusiasmus begannen die ersten Trainings und Spiele, die sofort erfolgreich waren. Die Begeisterung war so gro\u00df, dass Hans Koch mit dem damaligen Pr\u00e4sidenten M\u00fcller des 1. FCK, im Jahre&hellip;","coauthors":[],"author_meta":{"author_link":"https:\/\/www.fck-basketball.de\/?author=1","display_name":"M. Schmitt"},"relative_dates":{"created":"Posted 7\u00a0Jahren ago","modified":"Updated 3\u00a0Jahren ago"},"absolute_dates":{"created":"Posted on 12. November 2018","modified":"Updated on 19. September 2023"},"absolute_dates_time":{"created":"Posted on 12. November 2018 11:45","modified":"Updated on 19. September 2023 14:27"},"featured_img_caption":"","featured_img":false,"series_order":"","_links":{"self":[{"href":"https:\/\/www.fck-basketball.de\/index.php?rest_route=\/wp\/v2\/pages\/272","targetHints":{"allow":["GET"]}}],"collection":[{"href":"https:\/\/www.fck-basketball.de\/index.php?rest_route=\/wp\/v2\/pages"}],"about":[{"href":"https:\/\/www.fck-basketball.de\/index.php?rest_route=\/wp\/v2\/types\/page"}],"author":[{"embeddable":true,"href":"https:\/\/www.fck-basketball.de\/index.php?rest_route=\/wp\/v2\/users\/1"}],"replies":[{"embeddable":true,"href":"https:\/\/www.fck-basketball.de\/index.php?rest_route=%2Fwp%2Fv2%2Fcomments&post=272"}],"version-history":[{"count":45,"href":"https:\/\/www.fck-basketball.de\/index.php?rest_route=\/wp\/v2\/pages\/272\/revisions"}],"predecessor-version":[{"id":5131,"href":"https:\/\/www.fck-basketball.de\/index.php?rest_route=\/wp\/v2\/pages\/272\/revisions\/5131"}],"wp:attachment":[{"href":"https:\/\/www.fck-basketball.de\/index.php?rest_route=%2Fwp%2Fv2%2Fmedia&parent=272"}],"curies":[{"name":"wp","href":"https:\/\/api.w.org\/{rel}","templated":true}]}}