{"id":417,"date":"2018-11-13T15:18:13","date_gmt":"2018-11-13T15:18:13","guid":{"rendered":"http:\/\/entwurfwp.fck-basketball.com\/?page_id=417"},"modified":"2025-07-09T09:39:39","modified_gmt":"2025-07-09T09:39:39","slug":"veranstaltungsorte","status":"publish","type":"page","link":"https:\/\/www.fck-basketball.de\/?page_id=417","title":{"rendered":"Hallen"},"content":{"rendered":"\n<p>Auch in dieser Saison freuen sich unsere Spieler auf zahlreiche Unterst\u00fctzung. Wo die Spiele stattfinden, entnehmt ihr bitte den entsprechenden Ank\u00fcndigungen oder \u00fcber das Kontaktformular.<\/p>\n\n\n\n<p>Die Heimspiele unserer ersten Herrenmannschaft finden immer Samstags um 17:00 Uhr\u00a0in der Barbarossa Halle statt. Bei den Heimspielen ist f\u00fcr Essen, Getr\u00e4nke, Musik und Unterhaltung gesorgt.<\/p>\n\n\n\n<p>Im Folgenden sind die Adressen und Anfahrtsbeschreibungen der Trainings- und Spielst\u00e4tten zu finden.<\/p>\n\n\n\n<table class=\"wp-block-advgb-table advgb-table-frontend\"><tbody><tr><td><strong>Barbarossa Halle<\/strong><\/td><td><strong>Schulzentrum Nord<\/strong><\/td><td><strong>Betzenberg Grundschule<\/strong><\/td><\/tr><tr><td>Ludwig-Thoma-Stra\u00dfe 1<br>67663 Kaiserslautern<br>In&nbsp;<a rel=\"noreferrer noopener\" href=\"https:\/\/www.google.de\/maps\/place\/Barbarossahalle\/@49.428998,7.755904,17z\/data=!3m1!4b1!4m2!3m1!1s0x47966d4d05447933:0xfb82bdc5732a211e\" target=\"_blank\">Google Maps<\/a>&nbsp;ansehen<\/td><td>Kaiserbergring 29<br>67657 Kaiserslautern<br>In&nbsp;<a rel=\"noreferrer noopener\" href=\"https:\/\/www.google.de\/maps\/dir\/\/49.4521576,7.7534235\/@49.45259,7.7524042,17z\/data=!3m1!4b1!4m3!4m2!1m0!1m0\" target=\"_blank\">Google Maps<\/a>&nbsp;ansehen<\/td><td>Kantstra\u00dfe 97<br>67663 Kaiserslautern<br>In&nbsp;<a rel=\"noreferrer noopener\" href=\"https:\/\/www.google.de\/maps\/place\/Grundschule+Betzenberg\/@49.429196,7.779891,17z\/data=!3m1!4b1!4m2!3m1!1s0x47966d2d4eb12a5f:0x4719d78e34818387\" target=\"_blank\">Google Maps<\/a>&nbsp;ansehen<\/td><\/tr><tr><td><\/td><td><\/td><td><\/td><\/tr><tr><td style=\"background-color:#e2e2e2\"><strong>Hohenstaufen Gymnasium<\/strong><\/td><td style=\"background-color:#e2e2e2\"><strong>Schulzentrum S\u00fcd<\/strong><\/td><td style=\"background-color:#e2e2e2\"><strong>Schillerschule<\/strong><\/td><\/tr><tr><td style=\"background-color:#e2e2e2\">M\u00f6llendorfstra\u00dfe 29<br>67655 Kaiserslautern<br>In&nbsp;<a rel=\"noreferrer noopener\" href=\"https:\/\/www.google.de\/maps\/place\/Hohenstaufen-Gymnasium\/@49.439,7.74958,17z\/data=!3m1!4b1!4m2!3m1!1s0x479612aed4afbbfd:0xae3a2e748a1328af\" target=\"_blank\">Google Maps<\/a>&nbsp;ansehen<\/td><td style=\"background-color:#e2e2e2\">Im Stadtwald 2<br>67663 Kaiserslautern<br>In&nbsp;<a rel=\"noreferrer noopener\" href=\"https:\/\/www.google.de\/maps\/place\/Im+Stadtwald+2,+67663+Kaiserslautern\/@49.42696,7.7707313,17z\/data=!3m1!4b1!4m5!3m4!1s0x47966d339a27a87b:0xd72afcb3024d97df!8m2!3d49.42696!4d7.77292\" target=\"_blank\">Google Maps<\/a>&nbsp;ansehen<\/td><td style=\"background-color:#e2e2e2\">Julius-K\u00fcchler-Str 1<br>67659 Kaiserslautern<br>In&nbsp;<a rel=\"noreferrer noopener\" href=\"https:\/\/www.google.de\/maps\/search\/schillerschule+kaiserslautern\/@49.4455421,7.7432311,17z\/data=!3m1!4b1\" target=\"_blank\">Google Maps<\/a>&nbsp;ansehen<\/td><\/tr><tr><td><strong>Goetheschule<\/strong><\/td><td><strong>B\u00e4nnjerr\u00fcck Grundschule<\/strong><\/td><td><strong>Theodor Heuss Schule<\/strong><\/td><\/tr><tr><td>Goethestra\u00dfe 35<br>67655 Kaiserslautern<br>In&nbsp;<a rel=\"noreferrer noopener\" href=\"https:\/\/www.google.de\/maps\/place\/Integrierte+Gesamtschule+Goetheschule+Kaiserslautern\/@49.44083,7.7521413,17z\/data=!3m1!4b1!4m5!3m4!1s0x479612af91e9dea3:0x41b07e8b852f92fe!8m2!3d49.44083!4d7.75433\" target=\"_blank\">Google Maps<\/a>&nbsp;ansehen<\/td><td>Leipziger Stra\u00dfe 109<br>67663 Kaiserslautern<br>In&nbsp;<a rel=\"noreferrer noopener\" href=\"https:\/\/www.google.de\/maps\/place\/Leipziger+Str.+109,+67663+Kaiserslautern\/@49.4309733,7.7246299,18.25z\/data=!4m5!3m4!1s0x479672b30e259ddb:0xf46270cb4ea24362!8m2!3d49.4309848!4d7.7252923\" target=\"_blank\">Google Maps<\/a>&nbsp;ansehen<\/td><td>Haspelstra\u00dfe 37-39<br>67657 Kaiserslautern<br>In&nbsp;<a href=\"https:\/\/www.google.de\/maps\/place\/Theodor-Heuss-Grundschule\/@49.45363,7.77344,15z\/data=!4m5!3m4!1s0x0:0x5d2f89ea672f46e0!8m2!3d49.45363!4d7.77344\">Google Maps<\/a>&nbsp;ansehen<\/td><\/tr><\/tbody><\/table>\n\n\n\n<h2 class=\"wp-block-heading\">Die Trainingsorte werden von den Trainern individuell festgelegt!<\/h2>\n","protected":false},"excerpt":{"rendered":"<p>Auch in dieser Saison freuen sich unsere Spieler auf zahlreiche Unterst\u00fctzung. Wo die Spiele stattfinden, entnehmt ihr bitte den entsprechenden Ank\u00fcndigungen oder \u00fcber das Kontaktformular. Die Heimspiele unserer ersten Herrenmannschaft finden immer Samstags um 17:00 Uhr\u00a0in der Barbarossa Halle statt. Bei den Heimspielen ist f\u00fcr Essen, Getr\u00e4nke, Musik und Unterhaltung gesorgt. Im Folgenden sind die [&hellip;]<\/p>\n","protected":false},"author":1,"featured_media":0,"parent":667,"menu_order":0,"comment_status":"closed","ping_status":"open","template":"","meta":{"_uag_custom_page_level_css":"","advgb_blocks_editor_width":"default","advgb_blocks_columns_visual_guide":"","ngg_post_thumbnail":0,"ocean_post_layout":"","ocean_both_sidebars_style":"","ocean_both_sidebars_content_width":0,"ocean_both_sidebars_sidebars_width":0,"ocean_sidebar":"0","ocean_second_sidebar":"0","ocean_disable_margins":"enable","ocean_add_body_class":"","ocean_shortcode_before_top_bar":"","ocean_shortcode_after_top_bar":"","ocean_shortcode_before_header":"","ocean_shortcode_after_header":"","ocean_has_shortcode":"","ocean_shortcode_after_title":"","ocean_shortcode_before_footer_widgets":"","ocean_shortcode_after_footer_widgets":"","ocean_shortcode_before_footer_bottom":"","ocean_shortcode_after_footer_bottom":"","ocean_display_top_bar":"default","ocean_display_header":"default","ocean_header_style":"","ocean_center_header_left_menu":"0","ocean_custom_header_template":"0","ocean_custom_logo":0,"ocean_custom_retina_logo":0,"ocean_custom_logo_max_width":0,"ocean_custom_logo_tablet_max_width":0,"ocean_custom_logo_mobile_max_width":0,"ocean_custom_logo_max_height":0,"ocean_custom_logo_tablet_max_height":0,"ocean_custom_logo_mobile_max_height":0,"ocean_header_custom_menu":"0","ocean_menu_typo_font_family":"0","ocean_menu_typo_font_subset":"","ocean_menu_typo_font_size":0,"ocean_menu_typo_font_size_tablet":0,"ocean_menu_typo_font_size_mobile":0,"ocean_menu_typo_font_size_unit":"px","ocean_menu_typo_font_weight":"","ocean_menu_typo_font_weight_tablet":"","ocean_menu_typo_font_weight_mobile":"","ocean_menu_typo_transform":"","ocean_menu_typo_transform_tablet":"","ocean_menu_typo_transform_mobile":"","ocean_menu_typo_line_height":0,"ocean_menu_typo_line_height_tablet":0,"ocean_menu_typo_line_height_mobile":0,"ocean_menu_typo_line_height_unit":"","ocean_menu_typo_spacing":0,"ocean_menu_typo_spacing_tablet":0,"ocean_menu_typo_spacing_mobile":0,"ocean_menu_typo_spacing_unit":"","ocean_menu_link_color":"","ocean_menu_link_color_hover":"","ocean_menu_link_color_active":"","ocean_menu_link_background":"","ocean_menu_link_hover_background":"","ocean_menu_link_active_background":"","ocean_menu_social_links_bg":"","ocean_menu_social_hover_links_bg":"","ocean_menu_social_links_color":"","ocean_menu_social_hover_links_color":"","ocean_disable_title":"enable","ocean_disable_heading":"default","ocean_post_title":"Die Hallen f\u00fcr Training und Spiele","ocean_post_subheading":"","ocean_post_title_style":"","ocean_post_title_background_color":"","ocean_post_title_background":0,"ocean_post_title_bg_image_position":"","ocean_post_title_bg_image_attachment":"","ocean_post_title_bg_image_repeat":"","ocean_post_title_bg_image_size":"","ocean_post_title_height":0,"ocean_post_title_bg_overlay":0.5,"ocean_post_title_bg_overlay_color":"","ocean_disable_breadcrumbs":"off","ocean_breadcrumbs_color":"","ocean_breadcrumbs_separator_color":"","ocean_breadcrumbs_links_color":"","ocean_breadcrumbs_links_hover_color":"","ocean_display_footer_widgets":"default","ocean_display_footer_bottom":"default","ocean_custom_footer_template":"0","footnotes":""},"class_list":["post-417","page","type-page","status-publish","hentry","entry"],"uagb_featured_image_src":{"full":false,"thumbnail":false,"medium":false,"medium_large":false,"large":false,"1536x1536":false,"2048x2048":false,"ocean-thumb-m":false,"ocean-thumb-ml":false,"ocean-thumb-l":false},"uagb_author_info":{"display_name":"M. Schmitt","author_link":"https:\/\/www.fck-basketball.de\/?author=1"},"uagb_comment_info":0,"uagb_excerpt":"Auch in dieser Saison freuen sich unsere Spieler auf zahlreiche Unterst\u00fctzung. Wo die Spiele stattfinden, entnehmt ihr bitte den entsprechenden Ank\u00fcndigungen oder \u00fcber das Kontaktformular. Die Heimspiele unserer ersten Herrenmannschaft finden immer Samstags um 17:00 Uhr\u00a0in der Barbarossa Halle statt. Bei den Heimspielen ist f\u00fcr Essen, Getr\u00e4nke, Musik und Unterhaltung gesorgt. Im Folgenden sind die&hellip;","coauthors":[],"author_meta":{"author_link":"https:\/\/www.fck-basketball.de\/?author=1","display_name":"M. Schmitt"},"relative_dates":{"created":"Posted 7\u00a0Jahren ago","modified":"Updated 9\u00a0Monaten ago"},"absolute_dates":{"created":"Posted on 13. November 2018","modified":"Updated on 9. Juli 2025"},"absolute_dates_time":{"created":"Posted on 13. November 2018 15:18","modified":"Updated on 9. Juli 2025 09:39"},"featured_img_caption":"","featured_img":false,"series_order":"","_links":{"self":[{"href":"https:\/\/www.fck-basketball.de\/index.php?rest_route=\/wp\/v2\/pages\/417","targetHints":{"allow":["GET"]}}],"collection":[{"href":"https:\/\/www.fck-basketball.de\/index.php?rest_route=\/wp\/v2\/pages"}],"about":[{"href":"https:\/\/www.fck-basketball.de\/index.php?rest_route=\/wp\/v2\/types\/page"}],"author":[{"embeddable":true,"href":"https:\/\/www.fck-basketball.de\/index.php?rest_route=\/wp\/v2\/users\/1"}],"replies":[{"embeddable":true,"href":"https:\/\/www.fck-basketball.de\/index.php?rest_route=%2Fwp%2Fv2%2Fcomments&post=417"}],"version-history":[{"count":34,"href":"https:\/\/www.fck-basketball.de\/index.php?rest_route=\/wp\/v2\/pages\/417\/revisions"}],"predecessor-version":[{"id":6294,"href":"https:\/\/www.fck-basketball.de\/index.php?rest_route=\/wp\/v2\/pages\/417\/revisions\/6294"}],"up":[{"embeddable":true,"href":"https:\/\/www.fck-basketball.de\/index.php?rest_route=\/wp\/v2\/pages\/667"}],"wp:attachment":[{"href":"https:\/\/www.fck-basketball.de\/index.php?rest_route=%2Fwp%2Fv2%2Fmedia&parent=417"}],"curies":[{"name":"wp","href":"https:\/\/api.w.org\/{rel}","templated":true}]}}